{"id":758,"date":"2024-12-05T10:48:06","date_gmt":"2024-12-05T10:48:06","guid":{"rendered":"https:\/\/mm-bsio.fr\/?page_id=758"},"modified":"2025-10-08T06:05:17","modified_gmt":"2025-10-08T06:05:17","slug":"certifications","status":"publish","type":"page","link":"https:\/\/mm-bsio.fr\/?page_id=758","title":{"rendered":"Certifications"},"content":{"rendered":"\n<p>Certification 1 : <strong>Network Addressing and Basic Troubleshooting<\/strong> (Adressage\u00a0r\u00e9seau\u00a0et\u00a0\u00a0r\u00e9solution\u00a0des\u00a0probl\u00e8mes\u00a0de\u00a0base)<img decoding=\"async\" class=\"wp-image-986\" style=\"width: NaNpx;\" src=\"https:\/\/mm-bsio.fr\/wp-content\/uploads\/2025\/10\/Network_Addressing_and_Basic_Troubleshooting_certificate_maxencemalaussena-gmail-com_12bd64b3-e504-4b32-8a9b-d41b0775c3e0.pdf\" alt=\"\"><\/p>\n\n\n\n<div data-wp-interactive=\"core\/file\" class=\"wp-block-file\"><object data-wp-bind--hidden=\"!state.hasPdfPreview\" hidden class=\"wp-block-file__embed\" data=\"https:\/\/mm-bsio.fr\/wp-content\/uploads\/2025\/10\/Network_Addressing_and_Basic_Troubleshooting_certificate_maxencemalaussena-gmail-com_12bd64b3-e504-4b32-8a9b-d41b0775c3e0-1.pdf\" type=\"application\/pdf\" style=\"width:100%;height:600px\" aria-label=\"Contenu embarqu\u00e9 Network_Addressing_and_Basic_Troubleshooting_certificate_maxencemalaussena-gmail-com_12bd64b3-e504-4b32-8a9b-d41b0775c3e0.\"><\/object><a id=\"wp-block-file--media-bd7edcb4-1850-4bce-9df8-109c98570f07\" href=\"https:\/\/mm-bsio.fr\/wp-content\/uploads\/2025\/10\/Network_Addressing_and_Basic_Troubleshooting_certificate_maxencemalaussena-gmail-com_12bd64b3-e504-4b32-8a9b-d41b0775c3e0-1.pdf\">Network_Addressing_and_Basic_Troubleshooting_certificate_maxencemalaussena-gmail-com_12bd64b3-e504-4b32-8a9b-d41b0775c3e0<\/a><a href=\"https:\/\/mm-bsio.fr\/wp-content\/uploads\/2025\/10\/Network_Addressing_and_Basic_Troubleshooting_certificate_maxencemalaussena-gmail-com_12bd64b3-e504-4b32-8a9b-d41b0775c3e0-1.pdf\" class=\"wp-block-file__button wp-element-button\" download aria-describedby=\"wp-block-file--media-bd7edcb4-1850-4bce-9df8-109c98570f07\">T\u00e9l\u00e9charger<\/a><\/div>\n\n\n\n<p>Certification 2 : <strong>Introduction \u00e0 la cybers\u00e9curit\u00e9<\/strong><\/p>\n\n\n\n<div data-wp-interactive=\"core\/file\" class=\"wp-block-file\"><object data-wp-bind--hidden=\"!state.hasPdfPreview\" hidden class=\"wp-block-file__embed\" data=\"https:\/\/mm-bsio.fr\/wp-content\/uploads\/2025\/10\/Introduction_to_Cybersecurity_certificate_maxencemalaussena-gmail-com_804bab5c-14c9-4fb7-89f1-06c89e64353d.pdf\" type=\"application\/pdf\" style=\"width:100%;height:600px\" aria-label=\"Contenu embarqu\u00e9 Introduction_to_Cybersecurity_certificate_maxencemalaussena-gmail-com_804bab5c-14c9-4fb7-89f1-06c89e64353d.\"><\/object><a id=\"wp-block-file--media-38929e3f-6ae0-47b1-955c-8d044a962923\" href=\"https:\/\/mm-bsio.fr\/wp-content\/uploads\/2025\/10\/Introduction_to_Cybersecurity_certificate_maxencemalaussena-gmail-com_804bab5c-14c9-4fb7-89f1-06c89e64353d.pdf\">Introduction_to_Cybersecurity_certificate_maxencemalaussena-gmail-com_804bab5c-14c9-4fb7-89f1-06c89e64353d<\/a><a href=\"https:\/\/mm-bsio.fr\/wp-content\/uploads\/2025\/10\/Introduction_to_Cybersecurity_certificate_maxencemalaussena-gmail-com_804bab5c-14c9-4fb7-89f1-06c89e64353d.pdf\" class=\"wp-block-file__button wp-element-button\" download aria-describedby=\"wp-block-file--media-38929e3f-6ae0-47b1-955c-8d044a962923\">T\u00e9l\u00e9charger<\/a><\/div>\n\n\n\n<p>Certification 3 : <strong>Notions de base sur python 1<\/strong><\/p>\n\n\n\n<div data-wp-interactive=\"core\/file\" class=\"wp-block-file\"><object data-wp-bind--hidden=\"!state.hasPdfPreview\" hidden class=\"wp-block-file__embed\" data=\"https:\/\/mm-bsio.fr\/wp-content\/uploads\/2025\/10\/Python_Essentials_1_certificate_maxencemalaussena-gmail-com_0b89a756-b1ad-4b27-a8c2-363292937167.pdf\" type=\"application\/pdf\" style=\"width:100%;height:600px\" aria-label=\"Contenu embarqu\u00e9 Python_Essentials_1_certificate_maxencemalaussena-gmail-com_0b89a756-b1ad-4b27-a8c2-363292937167.\"><\/object><a id=\"wp-block-file--media-87496133-1625-4d1d-932a-d96778119372\" href=\"https:\/\/mm-bsio.fr\/wp-content\/uploads\/2025\/10\/Python_Essentials_1_certificate_maxencemalaussena-gmail-com_0b89a756-b1ad-4b27-a8c2-363292937167.pdf\">Python_Essentials_1_certificate_maxencemalaussena-gmail-com_0b89a756-b1ad-4b27-a8c2-363292937167<\/a><a href=\"https:\/\/mm-bsio.fr\/wp-content\/uploads\/2025\/10\/Python_Essentials_1_certificate_maxencemalaussena-gmail-com_0b89a756-b1ad-4b27-a8c2-363292937167.pdf\" class=\"wp-block-file__button wp-element-button\" download aria-describedby=\"wp-block-file--media-87496133-1625-4d1d-932a-d96778119372\">T\u00e9l\u00e9charger<\/a><\/div>\n\n\n\n<p>Certification 4 : <strong>MOOC Ansi<\/strong><\/p>\n\n\n\n<div data-wp-interactive=\"core\/file\" class=\"wp-block-file\"><object data-wp-bind--hidden=\"!state.hasPdfPreview\" hidden class=\"wp-block-file__embed\" data=\"https:\/\/mm-bsio.fr\/wp-content\/uploads\/2024\/12\/pZHyhfEFsSK21SiEUNXvTQMDzr8TTulhe7B4V2yZWIB84U2BzwAvqimktpAs_173233_23112024-1.pdf\" type=\"application\/pdf\" style=\"width:100%;height:600px\" aria-label=\"Contenu embarqu\u00e9 pZHyhfEFsSK21SiEUNXvTQMDzr8TTulhe7B4V2yZWIB84U2BzwAvqimktpAs_173233_23112024.\"><\/object><a id=\"wp-block-file--media-921209b7-056d-4513-b8ab-311ed883a112\" href=\"https:\/\/mm-bsio.fr\/wp-content\/uploads\/2024\/12\/pZHyhfEFsSK21SiEUNXvTQMDzr8TTulhe7B4V2yZWIB84U2BzwAvqimktpAs_173233_23112024-1.pdf\">pZHyhfEFsSK21SiEUNXvTQMDzr8TTulhe7B4V2yZWIB84U2BzwAvqimktpAs_173233_23112024<\/a><a href=\"https:\/\/mm-bsio.fr\/wp-content\/uploads\/2024\/12\/pZHyhfEFsSK21SiEUNXvTQMDzr8TTulhe7B4V2yZWIB84U2BzwAvqimktpAs_173233_23112024-1.pdf\" class=\"wp-block-file__button wp-element-button\" download aria-describedby=\"wp-block-file--media-921209b7-056d-4513-b8ab-311ed883a112\">T\u00e9l\u00e9charger<\/a><\/div>\n\n\n\n<p>Certification 5 : <strong>Anglais pour l&rsquo;informatique 1<\/strong><\/p>\n\n\n\n<div data-wp-interactive=\"core\/file\" class=\"wp-block-file\"><object data-wp-bind--hidden=\"!state.hasPdfPreview\" hidden class=\"wp-block-file__embed\" data=\"https:\/\/mm-bsio.fr\/wp-content\/uploads\/2025\/10\/English_for_IT_1_certificate_maxencemalaussena-gmail-com_f1682fcb-82a3-45a4-bd2d-2f0f2c4d94c0.pdf\" type=\"application\/pdf\" style=\"width:100%;height:600px\" aria-label=\"Contenu embarqu\u00e9 English_for_IT_1_certificate_maxencemalaussena-gmail-com_f1682fcb-82a3-45a4-bd2d-2f0f2c4d94c0.\"><\/object><a id=\"wp-block-file--media-527694ce-f91a-4665-bd4b-bf75da59e28b\" href=\"https:\/\/mm-bsio.fr\/wp-content\/uploads\/2025\/10\/English_for_IT_1_certificate_maxencemalaussena-gmail-com_f1682fcb-82a3-45a4-bd2d-2f0f2c4d94c0.pdf\">English_for_IT_1_certificate_maxencemalaussena-gmail-com_f1682fcb-82a3-45a4-bd2d-2f0f2c4d94c0<\/a><a href=\"https:\/\/mm-bsio.fr\/wp-content\/uploads\/2025\/10\/English_for_IT_1_certificate_maxencemalaussena-gmail-com_f1682fcb-82a3-45a4-bd2d-2f0f2c4d94c0.pdf\" class=\"wp-block-file__button wp-element-button\" download aria-describedby=\"wp-block-file--media-527694ce-f91a-4665-bd4b-bf75da59e28b\">T\u00e9l\u00e9charger<\/a><\/div>\n\n\n\n<p>Certification 6 : <strong>Fondamentaux du Project Management<\/strong><\/p>\n\n\n\n<div data-wp-interactive=\"core\/file\" class=\"wp-block-file\"><object data-wp-bind--hidden=\"!state.hasPdfPreview\" hidden class=\"wp-block-file__embed\" data=\"https:\/\/mm-bsio.fr\/wp-content\/uploads\/2024\/12\/Coursera-3EV3CGG8R0D1-1.pdf\" type=\"application\/pdf\" style=\"width:100%;height:600px\" aria-label=\"Contenu embarqu\u00e9 Coursera 3EV3CGG8R0D1.\"><\/object><a id=\"wp-block-file--media-231e3365-40d2-49e3-96d6-afc5fb7db42a\" href=\"https:\/\/mm-bsio.fr\/wp-content\/uploads\/2024\/12\/Coursera-3EV3CGG8R0D1-1.pdf\">Coursera 3EV3CGG8R0D1<\/a><a href=\"https:\/\/mm-bsio.fr\/wp-content\/uploads\/2024\/12\/Coursera-3EV3CGG8R0D1-1.pdf\" class=\"wp-block-file__button wp-element-button\" download aria-describedby=\"wp-block-file--media-231e3365-40d2-49e3-96d6-afc5fb7db42a\">T\u00e9l\u00e9charger<\/a><\/div>\n\n\n\n<p>Certification 7 : <strong>Gestion des cybermenaces<\/strong><\/p>\n\n\n\n<div data-wp-interactive=\"core\/file\" class=\"wp-block-file\"><object data-wp-bind--hidden=\"!state.hasPdfPreview\" hidden class=\"wp-block-file__embed\" data=\"https:\/\/mm-bsio.fr\/wp-content\/uploads\/2025\/10\/Cyber_Threat_Management_certificate_maxencemalaussena-gmail-com_d11cabed-c230-461a-aa2c-0becee3dbe9f.pdf\" type=\"application\/pdf\" style=\"width:100%;height:600px\" aria-label=\"Contenu embarqu\u00e9 Cyber_Threat_Management_certificate_maxencemalaussena-gmail-com_d11cabed-c230-461a-aa2c-0becee3dbe9f.\"><\/object><a id=\"wp-block-file--media-a9181c10-ac29-479a-8a88-c6c168e07139\" href=\"https:\/\/mm-bsio.fr\/wp-content\/uploads\/2025\/10\/Cyber_Threat_Management_certificate_maxencemalaussena-gmail-com_d11cabed-c230-461a-aa2c-0becee3dbe9f.pdf\">Cyber_Threat_Management_certificate_maxencemalaussena-gmail-com_d11cabed-c230-461a-aa2c-0becee3dbe9f<\/a><a href=\"https:\/\/mm-bsio.fr\/wp-content\/uploads\/2025\/10\/Cyber_Threat_Management_certificate_maxencemalaussena-gmail-com_d11cabed-c230-461a-aa2c-0becee3dbe9f.pdf\" class=\"wp-block-file__button wp-element-button\" download aria-describedby=\"wp-block-file--media-a9181c10-ac29-479a-8a88-c6c168e07139\">T\u00e9l\u00e9charger<\/a><\/div>\n\n\n\n<p>Certification 8 : <strong>Python Essentials 2<\/strong><\/p>\n\n\n\n<div data-wp-interactive=\"core\/file\" class=\"wp-block-file\"><object data-wp-bind--hidden=\"!state.hasPdfPreview\" hidden class=\"wp-block-file__embed\" data=\"https:\/\/mm-bsio.fr\/wp-content\/uploads\/2025\/10\/certificate_maxencemalaussena-gmail-com_a088ddff-74e1-41d5-8e6b-554caee68e43.pdf\" type=\"application\/pdf\" style=\"width:100%;height:600px\" aria-label=\"Contenu embarqu\u00e9 _certificate_maxencemalaussena-gmail-com_a088ddff-74e1-41d5-8e6b-554caee68e43.\"><\/object><a id=\"wp-block-file--media-106cc3ac-a7a9-48c8-b165-48061d6eca34\" href=\"https:\/\/mm-bsio.fr\/wp-content\/uploads\/2025\/10\/certificate_maxencemalaussena-gmail-com_a088ddff-74e1-41d5-8e6b-554caee68e43.pdf\">_certificate_maxencemalaussena-gmail-com_a088ddff-74e1-41d5-8e6b-554caee68e43<\/a><a href=\"https:\/\/mm-bsio.fr\/wp-content\/uploads\/2025\/10\/certificate_maxencemalaussena-gmail-com_a088ddff-74e1-41d5-8e6b-554caee68e43.pdf\" class=\"wp-block-file__button wp-element-button\" download aria-describedby=\"wp-block-file--media-106cc3ac-a7a9-48c8-b165-48061d6eca34\">T\u00e9l\u00e9charger<\/a><\/div>\n\n\n\n<p>Certification 9 : <strong>Introduction \u00e0 l\u2019IoT (IdO) et \u00e0 la<br>transformation digitale<\/strong><\/p>\n\n\n\n<div data-wp-interactive=\"core\/file\" class=\"wp-block-file\"><object data-wp-bind--hidden=\"!state.hasPdfPreview\" hidden class=\"wp-block-file__embed\" data=\"https:\/\/mm-bsio.fr\/wp-content\/uploads\/2025\/10\/certificate_maxencemalaussena-gmail-com_2c489bd8-076a-495b-b46c-90a29cae20c4.pdf\" type=\"application\/pdf\" style=\"width:100%;height:600px\" aria-label=\"Contenu embarqu\u00e9 _certificate_maxencemalaussena-gmail-com_2c489bd8-076a-495b-b46c-90a29cae20c4.\"><\/object><a id=\"wp-block-file--media-b740105a-eb0c-458b-98af-30cc9661dca9\" href=\"https:\/\/mm-bsio.fr\/wp-content\/uploads\/2025\/10\/certificate_maxencemalaussena-gmail-com_2c489bd8-076a-495b-b46c-90a29cae20c4.pdf\">_certificate_maxencemalaussena-gmail-com_2c489bd8-076a-495b-b46c-90a29cae20c4<\/a><a href=\"https:\/\/mm-bsio.fr\/wp-content\/uploads\/2025\/10\/certificate_maxencemalaussena-gmail-com_2c489bd8-076a-495b-b46c-90a29cae20c4.pdf\" class=\"wp-block-file__button wp-element-button\" download aria-describedby=\"wp-block-file--media-b740105a-eb0c-458b-98af-30cc9661dca9\">T\u00e9l\u00e9charger<\/a><\/div>\n","protected":false},"excerpt":{"rendered":"<p>Certification 1 : Network Addressing and Basic Troubleshooting (Adressage\u00a0r\u00e9seau\u00a0et\u00a0\u00a0r\u00e9solution\u00a0des\u00a0probl\u00e8mes\u00a0de\u00a0base) Certification 2 : Introduction \u00e0 la cybers\u00e9curit\u00e9 Certification 3 : Notions de base sur python 1 Certification 4 : MOOC Ansi Certification 5 : Anglais pour l&rsquo;informatique 1 Certification 6 : Fondamentaux du Project Management Certification 7 : Gestion des cybermenaces Certification 8 : Python Essentials [&hellip;]<\/p>\n","protected":false},"author":1,"featured_media":0,"parent":0,"menu_order":0,"comment_status":"closed","ping_status":"closed","template":"","meta":{"footnotes":""},"class_list":["post-758","page","type-page","status-publish","hentry"],"_links":{"self":[{"href":"https:\/\/mm-bsio.fr\/index.php?rest_route=\/wp\/v2\/pages\/758","targetHints":{"allow":["GET"]}}],"collection":[{"href":"https:\/\/mm-bsio.fr\/index.php?rest_route=\/wp\/v2\/pages"}],"about":[{"href":"https:\/\/mm-bsio.fr\/index.php?rest_route=\/wp\/v2\/types\/page"}],"author":[{"embeddable":true,"href":"https:\/\/mm-bsio.fr\/index.php?rest_route=\/wp\/v2\/users\/1"}],"replies":[{"embeddable":true,"href":"https:\/\/mm-bsio.fr\/index.php?rest_route=%2Fwp%2Fv2%2Fcomments&post=758"}],"version-history":[{"count":5,"href":"https:\/\/mm-bsio.fr\/index.php?rest_route=\/wp\/v2\/pages\/758\/revisions"}],"predecessor-version":[{"id":993,"href":"https:\/\/mm-bsio.fr\/index.php?rest_route=\/wp\/v2\/pages\/758\/revisions\/993"}],"wp:attachment":[{"href":"https:\/\/mm-bsio.fr\/index.php?rest_route=%2Fwp%2Fv2%2Fmedia&parent=758"}],"curies":[{"name":"wp","href":"https:\/\/api.w.org\/{rel}","templated":true}]}}