{"id":26,"date":"2024-11-27T09:48:26","date_gmt":"2024-11-27T09:48:26","guid":{"rendered":"https:\/\/mm-bsio.fr\/?page_id=26"},"modified":"2024-12-19T07:15:26","modified_gmt":"2024-12-19T07:15:26","slug":"hillstar","status":"publish","type":"page","link":"https:\/\/mm-bsio.fr\/","title":{"rendered":"Accueil"},"content":{"rendered":"<div data-colibri-id=\"26-c1\" class=\"style-184 style-local-26-c1 position-relative\">\n  <!---->\n  <div data-colibri-component=\"section\" data-colibri-id=\"26-c2\" id=\"custom\" class=\"h-section h-section-global-spacing d-flex align-items-lg-center align-items-md-center align-items-center style-242 style-local-26-c2 position-relative\">\n    <!---->\n    <!---->\n    <div class=\"h-section-grid-container h-section-boxed-container\">\n      <!---->\n      <div data-colibri-id=\"26-c3\" class=\"h-row-container gutters-row-lg-2 gutters-row-md-2 gutters-row-0 gutters-row-v-lg-2 gutters-row-v-md-2 gutters-row-v-2 style-243 style-local-26-c3 position-relative\">\n        <!---->\n        <div class=\"h-row justify-content-lg-center justify-content-md-center justify-content-center align-items-lg-stretch align-items-md-stretch align-items-stretch gutters-col-lg-2 gutters-col-md-2 gutters-col-0 gutters-col-v-lg-2 gutters-col-v-md-2 gutters-col-v-2\">\n          <!---->\n          <div class=\"h-column h-column-container d-flex h-col-lg-auto h-col-md-auto h-col-auto style-244-outer style-local-26-c4-outer\">\n            <div data-colibri-id=\"26-c4\" class=\"d-flex h-flex-basis h-column__inner h-px-lg-2 h-px-md-2 h-px-2 v-inner-lg-2 v-inner-md-2 v-inner-2 style-244 style-local-26-c4 position-relative\">\n              <!---->\n              <!---->\n              <div class=\"w-100 h-y-container h-column__content h-column__v-align flex-basis-100 align-self-lg-start align-self-md-start align-self-start\">\n                <!---->\n                <div data-colibri-id=\"26-c5\" class=\"h-text h-text-component style-245 style-local-26-c5 position-relative h-element\">\n                  <!---->\n                  <!---->\n                  <div class=\"\">\n                    <p>Je poursuis mes \u00e9tudes <strong>depuis septembre au Lyc\u00e9e Antoine de Saint-Exup\u00e9ry \u00e0 Saint-Rapha\u00ebl (83)<\/strong>, o\u00f9 je suis en <strong>premi\u00e8re ann\u00e9e de BTS SIO (Services Informatiques aux Organisations)<\/strong>, avec une sp\u00e9cialisation\n                      en <strong>SISR (Solutions d\u2019Infrastructure, Syst\u00e8mes et R\u00e9seaux)<\/strong>. <strong>Mon int\u00e9r\u00eat pour l\u2019informatique<\/strong> et ma <strong>curiosit\u00e9 pour les nouvelles technologies<\/strong> m\u2019ont conduit \u00e0 choisir cette voie, apr\u00e8s\n                      avoir obtenu <strong>mon BAC G\u00e9n\u00e9ral avec les sp\u00e9cialit\u00e9s NSI et SES en 2024<\/strong>.<\/p>\n                  <\/div>\n                <\/div>\n              <\/div>\n            <\/div>\n          <\/div>\n        <\/div>\n      <\/div>\n    <\/div>\n  <\/div>\n<\/div>","protected":false},"excerpt":{"rendered":"<p>Je poursuis mes \u00e9tudes depuis septembre au Lyc\u00e9e Antoine de Saint-Exup\u00e9ry \u00e0 Saint-Rapha\u00ebl (83), o\u00f9 je suis en premi\u00e8re ann\u00e9e de BTS SIO (Services Informatiques aux Organisations), avec une sp\u00e9cialisation en SISR (Solutions d\u2019Infrastructure, Syst\u00e8mes et R\u00e9seaux). Mon int\u00e9r\u00eat pour l\u2019informatique et ma curiosit\u00e9 pour les nouvelles technologies m\u2019ont conduit \u00e0 choisir cette voie, apr\u00e8s [&hellip;]<\/p>\n","protected":false},"author":1,"featured_media":0,"parent":0,"menu_order":0,"comment_status":"closed","ping_status":"closed","template":"page-templates\/homepage.php","meta":{"footnotes":""},"class_list":["post-26","page","type-page","status-publish","hentry"],"_links":{"self":[{"href":"https:\/\/mm-bsio.fr\/index.php?rest_route=\/wp\/v2\/pages\/26","targetHints":{"allow":["GET"]}}],"collection":[{"href":"https:\/\/mm-bsio.fr\/index.php?rest_route=\/wp\/v2\/pages"}],"about":[{"href":"https:\/\/mm-bsio.fr\/index.php?rest_route=\/wp\/v2\/types\/page"}],"author":[{"embeddable":true,"href":"https:\/\/mm-bsio.fr\/index.php?rest_route=\/wp\/v2\/users\/1"}],"replies":[{"embeddable":true,"href":"https:\/\/mm-bsio.fr\/index.php?rest_route=%2Fwp%2Fv2%2Fcomments&post=26"}],"version-history":[{"count":20,"href":"https:\/\/mm-bsio.fr\/index.php?rest_route=\/wp\/v2\/pages\/26\/revisions"}],"predecessor-version":[{"id":952,"href":"https:\/\/mm-bsio.fr\/index.php?rest_route=\/wp\/v2\/pages\/26\/revisions\/952"}],"wp:attachment":[{"href":"https:\/\/mm-bsio.fr\/index.php?rest_route=%2Fwp%2Fv2%2Fmedia&parent=26"}],"curies":[{"name":"wp","href":"https:\/\/api.w.org\/{rel}","templated":true}]}}